{"id":9,"date":"2022-07-07T13:53:26","date_gmt":"2022-07-07T13:53:26","guid":{"rendered":"https:\/\/gultekinkuyumculuk.com\/?page_id=9"},"modified":"2022-07-07T14:50:05","modified_gmt":"2022-07-07T14:50:05","slug":"hakkimizda","status":"publish","type":"page","link":"https:\/\/gultekinkuyumculuk.com\/?page_id=9","title":{"rendered":"Hakk\u0131m\u0131zda"},"content":{"rendered":"\n<p>Kartal\u2019da 1991 y\u0131l\u0131ndan itibaren kuyumculuk sekt\u00f6r\u00fcnde faaliyete ba\u015flayan firmam\u0131z, 30 y\u0131ll\u0131k tecr\u00fcbesini sosyal medya ve online al\u0131\u015fveri\u015f mecralar\u0131na ta\u015f\u0131makla, hizmet a\u011f\u0131n\u0131 geni\u015fletmi\u015ftir.<\/p>\n\n\n\n<p>\u015eeffaf ve uygun fiyat anlay\u0131\u015f\u0131n\u0131n bir tezah\u00fcr\u00fc neticesinde, m\u00fc\u015fterilerimizle kurdu\u011fumuz g\u00fcven ba\u011f\u0131, kendimizi s\u00fcrekli yenileme ve geli\u015ftirme konusunda en \u00f6nemli moral kayna\u011f\u0131m\u0131z olmaktad\u0131r. Be\u011feninize sundu\u011fumuz harika \u00fcr\u00fcnleri, kendinize veya sevdiklerinize g\u00fcvenle sat\u0131n alabilece\u011finiz gibi ma\u011fazam\u0131z\u0131 ziyaret ederek ayn\u0131 fiyat avantajlar\u0131ndan faydalanabilirsiniz.<\/p>\n\n\n\n<p>Keyifli al\u0131\u015f veri\u015fler dileriz.<\/p>\n","protected":false},"excerpt":{"rendered":"<p>Kartal\u2019da 1991 y\u0131l\u0131ndan itibaren kuyumculuk sekt\u00f6r\u00fcnde faaliyete ba\u015flayan firmam\u0131z, 30 y\u0131ll\u0131k tecr\u00fcbesini sosyal medya ve online al\u0131\u015fveri\u015f mecralar\u0131na ta\u015f\u0131makla, hizmet a\u011f\u0131n\u0131 geni\u015fletmi\u015ftir. \u015eeffaf ve uygun fiyat anlay\u0131\u015f\u0131n\u0131n bir tezah\u00fcr\u00fc neticesinde, m\u00fc\u015fterilerimizle kurdu\u011fumuz g\u00fcven ba\u011f\u0131, kendimizi s\u00fcrekli yenileme ve geli\u015ftirme konusunda en \u00f6nemli moral kayna\u011f\u0131m\u0131z olmaktad\u0131r. Be\u011feninize sundu\u011fumuz harika \u00fcr\u00fcnleri, kendinize veya sevdiklerinize g\u00fcvenle sat\u0131n alabilece\u011finiz &hellip; <\/p>\n<p class=\"link-more\"><a href=\"https:\/\/gultekinkuyumculuk.com\/?page_id=9\" class=\"more-link\">Okumaya devam et<span class=\"screen-reader-text\"> &#8220;Hakk\u0131m\u0131zda&#8221;<\/span><\/a><\/p>\n","protected":false},"author":1,"featured_media":53,"parent":0,"menu_order":0,"comment_status":"closed","ping_status":"closed","template":"","meta":{"footnotes":""},"class_list":["post-9","page","type-page","status-publish","has-post-thumbnail","hentry"],"_links":{"self":[{"href":"https:\/\/gultekinkuyumculuk.com\/index.php?rest_route=\/wp\/v2\/pages\/9","targetHints":{"allow":["GET"]}}],"collection":[{"href":"https:\/\/gultekinkuyumculuk.com\/index.php?rest_route=\/wp\/v2\/pages"}],"about":[{"href":"https:\/\/gultekinkuyumculuk.com\/index.php?rest_route=\/wp\/v2\/types\/page"}],"author":[{"embeddable":true,"href":"https:\/\/gultekinkuyumculuk.com\/index.php?rest_route=\/wp\/v2\/users\/1"}],"replies":[{"embeddable":true,"href":"https:\/\/gultekinkuyumculuk.com\/index.php?rest_route=%2Fwp%2Fv2%2Fcomments&post=9"}],"version-history":[{"count":2,"href":"https:\/\/gultekinkuyumculuk.com\/index.php?rest_route=\/wp\/v2\/pages\/9\/revisions"}],"predecessor-version":[{"id":65,"href":"https:\/\/gultekinkuyumculuk.com\/index.php?rest_route=\/wp\/v2\/pages\/9\/revisions\/65"}],"wp:featuredmedia":[{"embeddable":true,"href":"https:\/\/gultekinkuyumculuk.com\/index.php?rest_route=\/wp\/v2\/media\/53"}],"wp:attachment":[{"href":"https:\/\/gultekinkuyumculuk.com\/index.php?rest_route=%2Fwp%2Fv2%2Fmedia&parent=9"}],"curies":[{"name":"wp","href":"https:\/\/api.w.org\/{rel}","templated":true}]}}