{"id":8,"date":"2022-07-07T13:53:26","date_gmt":"2022-07-07T13:53:26","guid":{"rendered":"https:\/\/gultekinkuyumculuk.com\/?page_id=8"},"modified":"2022-07-07T15:06:57","modified_gmt":"2022-07-07T15:06:57","slug":"ana-sayfa","status":"publish","type":"page","link":"https:\/\/gultekinkuyumculuk.com\/","title":{"rendered":"Ana Sayfa"},"content":{"rendered":"\n<p>\u015eeffaf ve uygun fiyat anlay\u0131\u015f\u0131n\u0131n bir tezah\u00fcr\u00fc neticesinde, m\u00fc\u015fterilerimizle kurdu\u011fumuz g\u00fcven ba\u011f\u0131, kendimizi s\u00fcrekli yenileme ve geli\u015ftirme konusunda en \u00f6nemli moral kayna\u011f\u0131m\u0131z olmaktad\u0131r.<\/p>\n\n\n\n<p>Be\u011feninize sundu\u011fumuz harika \u00fcr\u00fcnleri, kendinize veya sevdiklerinize g\u00fcvenle sat\u0131n alabilemek i\u00e7in ma\u011fazam\u0131z\u0131 ziyaret ederek fiyat avantajlar\u0131ndan faydalanabilirsiniz.<\/p>\n","protected":false},"excerpt":{"rendered":"<p>\u015eeffaf ve uygun fiyat anlay\u0131\u015f\u0131n\u0131n bir tezah\u00fcr\u00fc neticesinde, m\u00fc\u015fterilerimizle kurdu\u011fumuz g\u00fcven ba\u011f\u0131, kendimizi s\u00fcrekli yenileme ve geli\u015ftirme konusunda en \u00f6nemli moral kayna\u011f\u0131m\u0131z olmaktad\u0131r. Be\u011feninize sundu\u011fumuz harika \u00fcr\u00fcnleri, kendinize veya sevdiklerinize g\u00fcvenle sat\u0131n alabilemek i\u00e7in ma\u011fazam\u0131z\u0131 ziyaret ederek fiyat avantajlar\u0131ndan faydalanabilirsiniz.<\/p>\n","protected":false},"author":1,"featured_media":0,"parent":0,"menu_order":0,"comment_status":"closed","ping_status":"closed","template":"","meta":{"footnotes":""},"class_list":["post-8","page","type-page","status-publish","hentry"],"_links":{"self":[{"href":"https:\/\/gultekinkuyumculuk.com\/index.php?rest_route=\/wp\/v2\/pages\/8","targetHints":{"allow":["GET"]}}],"collection":[{"href":"https:\/\/gultekinkuyumculuk.com\/index.php?rest_route=\/wp\/v2\/pages"}],"about":[{"href":"https:\/\/gultekinkuyumculuk.com\/index.php?rest_route=\/wp\/v2\/types\/page"}],"author":[{"embeddable":true,"href":"https:\/\/gultekinkuyumculuk.com\/index.php?rest_route=\/wp\/v2\/users\/1"}],"replies":[{"embeddable":true,"href":"https:\/\/gultekinkuyumculuk.com\/index.php?rest_route=%2Fwp%2Fv2%2Fcomments&post=8"}],"version-history":[{"count":4,"href":"https:\/\/gultekinkuyumculuk.com\/index.php?rest_route=\/wp\/v2\/pages\/8\/revisions"}],"predecessor-version":[{"id":71,"href":"https:\/\/gultekinkuyumculuk.com\/index.php?rest_route=\/wp\/v2\/pages\/8\/revisions\/71"}],"wp:attachment":[{"href":"https:\/\/gultekinkuyumculuk.com\/index.php?rest_route=%2Fwp%2Fv2%2Fmedia&parent=8"}],"curies":[{"name":"wp","href":"https:\/\/api.w.org\/{rel}","templated":true}]}}